{"id":1977,"date":"2024-11-21T19:56:22","date_gmt":"2024-11-21T19:56:22","guid":{"rendered":"https:\/\/knyweb.com\/?page_id=1977"},"modified":"2024-11-21T19:57:24","modified_gmt":"2024-11-21T19:57:24","slug":"discovery-page-2","status":"publish","type":"page","link":"https:\/\/knyweb.com\/?page_id=1977","title":{"rendered":"Discovery Page."},"content":{"rendered":"\t\t<div data-elementor-type=\"wp-page\" data-elementor-id=\"1977\" class=\"elementor elementor-1977\" data-elementor-post-type=\"page\">\n\t\t\t\t<div class=\"elementor-element elementor-element-3356c78 e-flex e-con-boxed e-con e-parent\" data-id=\"3356c78\" data-element_type=\"container\" data-settings=\"{&quot;background_background&quot;:&quot;classic&quot;}\">\n\t\t\t\t\t<div class=\"e-con-inner\">\n\t\t<div class=\"elementor-element elementor-element-b840f34 e-con-full e-flex e-con e-child\" data-id=\"b840f34\" data-element_type=\"container\" data-settings=\"{&quot;background_background&quot;:&quot;classic&quot;}\">\n\t\t\t\t<\/div>\n\t\t<div class=\"elementor-element elementor-element-9746df5 e-con-full e-flex e-con e-child\" data-id=\"9746df5\" data-element_type=\"container\">\n\t\t\t\t<div class=\"elementor-element elementor-element-d07360f elementor-widget elementor-widget-heading\" data-id=\"d07360f\" data-element_type=\"widget\" data-widget_type=\"heading.default\">\n\t\t\t\t<div class=\"elementor-widget-container\">\n\t\t\t\t\t<h2 class=\"elementor-heading-title elementor-size-default\">Somos los dise\u00f1adores de sitios web mejor valorados<\/h2>\t\t\t\t<\/div>\n\t\t\t\t<\/div>\n\t\t\t\t<div class=\"elementor-element elementor-element-66c634e elementor-widget elementor-widget-text-editor\" data-id=\"66c634e\" data-element_type=\"widget\" data-widget_type=\"text-editor.default\">\n\t\t\t\t<div class=\"elementor-widget-container\">\n\t\t\t\t\t\t\t\t\t<p>Su sitio web es una extensi\u00f3n de su negocio, a la que pueden acceder f\u00e1cilmente sus clientes actuales y potenciales. Proporciona informaci\u00f3n sobre sus antecedentes, su experiencia y otras credenciales; algo crucial en el proceso de toma de decisiones.<\/p><p>Nuestros paquetes de dise\u00f1o web ofrecen un dise\u00f1o personalizado que se adapta a su marca con un tiempo de entrega incre\u00edblemente r\u00e1pido. Nuestros sitios web premium est\u00e1n preparados para dispositivos m\u00f3viles con un dise\u00f1o responsivo para garantizar que se vean bien en cualquier dispositivo. Creamos sitios web estructurados para un rastreo e indexaci\u00f3n r\u00e1pidos de p\u00e1ginas, siguiendo las mejores pr\u00e1cticas de SEO y siguiendo las pautas para webmasters.<\/p><p>Al aprovechar nuestros servicios de dise\u00f1o web, ahora tiene una fuente de informaci\u00f3n cre\u00edble para sus clientes actuales y potenciales. Nuestro producto terminado le brinda el poder de controlar la imagen de su marca y la comunicaci\u00f3n con sus clientes actuales y potenciales.<\/p><p>El primer paso de nuestro proceso es recopilar un poco de informaci\u00f3n sobre su proyecto; al hacerlo, podemos darle vida a su visi\u00f3n exacta.<\/p>\t\t\t\t\t\t\t\t<\/div>\n\t\t\t\t<\/div>\n\t\t\t\t<\/div>\n\t\t\t\t\t<\/div>\n\t\t\t\t<\/div>\n\t\t<div class=\"elementor-element elementor-element-886dbbd e-flex e-con-boxed e-con e-parent\" data-id=\"886dbbd\" data-element_type=\"container\">\n\t\t\t\t\t<div class=\"e-con-inner\">\n\t\t\t\t<div class=\"elementor-element elementor-element-19e82f5 elementor-widget elementor-widget-shortcode\" data-id=\"19e82f5\" data-element_type=\"widget\" data-widget_type=\"shortcode.default\">\n\t\t\t\t<div class=\"elementor-widget-container\">\n\t\t\t\t\t\t\t<div class=\"elementor-shortcode\"><style>\n    .ff_conv_app_11 { background-color: #FFFFFF; }.ff_conv_app_11 .ffc-counter-div span { color: #0445AF; }.ff_conv_app_11 .ffc-counter-div .counter-icon-span svg { fill: #0445AF !important; }.ff_conv_app_11 .f-label-wrap, .ff_conv_app_11 .f-answer { color: #0445AF !important; }.ff_conv_app_11 .f-label-wrap .f-key { border-color: #0445AF !important; }.ff_conv_app_11 .f-label-wrap .f-key-hint { border-color: #0445AF !important; }.ff_conv_app_11 .f-answer .f-radios-wrap ul li { background-color: rgba(4,69,175, 0.1) !important; border: 1px solid #0445AF; }.ff_conv_app_11 .f-answer .f-radios-wrap ul li:focus { background-color: rgba(4,69,175, 0.3) !important }.ff_conv_app_11 .f-answer .f-radios-wrap ul li:hover { background-color: rgba(4,69,175, 0.3) !important }.ff_conv_app_11 .f-answer .f-radios-wrap ul li.f-selected .f-key { background-color: #0445AF !important; color: white; }.ff_conv_app_11 .f-answer .f-radios-wrap ul li.f-selected .f-key-hint { background-color: #0445AF; }.ff_conv_app_11 .f-answer .f-radios-wrap ul li.f-selected svg { fill: #0445AF !important; }.ff_conv_app_11 .f-answer input, .ff_conv_app_11 .f-answer textarea{ color: #0445AF !important; box-shadow: #0445AF  0px 1px; }.ff_conv_app_11 .f-answer input:focus, .ff_conv_app_11 .f-answer textarea:focus { box-shadow: #0445AF  0px 2px !important; }.ff_conv_app_11 .f-answer textarea::placeholder, .ff_conv_app_11 .f-answer input::placeholder { color: #0445AF !important; }.ff_conv_app_11 .text-success { color: #0445AF !important; }.ff_conv_app_11 .f-answer .f-matrix-table tbody td { background-color: rgba(4,69,175, 0.1); }.ff_conv_app_11 .f-answer .f-matrix-table input { border-color: rgba(4,69,175, 0.8); }.ff_conv_app_11 .f-answer .f-matrix-table input.f-radio-control:checked::after { background-color: #0445AF; }.ff_conv_app_11 .f-answer .f-matrix-table input:focus::before { border-color: #0445AF; }.ff_conv_app_11 .f-answer .f-matrix-table input.f-checkbox-control:checked { background-color: #0445AF; }.ff_conv_app_11 .f-answer .f-matrix-table tbody tr::after { border-right-color: #0445AF; }.ff_conv_app_11 .f-answer .f-matrix-table .f-table-cell.f-row-cell { box-shadow: rgba(4,69,175, 0.1) 0px 0px 0px 100vh inset; }.ff_conv_app_11 .f-answer .ff_file_upload_field_wrap { background-color: rgba(4,69,175, 0.1); border-color: rgba(4,69,175, 0.8); }.ff_conv_app_11 .f-answer .ff_file_upload_field_wrap:hover { background-color: rgba(4,69,175, 0.3);}.ff_conv_app_11 .f-answer .ff_file_upload_field_wrap:focus-within { background-color: rgba(4,69,175, 0.3); }.ff_conv_app_11 .f-answer .ff-upload-preview { border-color: rgba(4,69,175, 0.8); }.ff_conv_app_11 .f-answer .ff-upload-preview .ff-upload-thumb { background-color: rgba(4,69,175, 0.3); }.ff_conv_app_11 .f-answer .ff-upload-preview .ff-upload-details { border-left-color: rgba(4,69,175, 0.8); }.ff_conv_app_11 .f-answer .ff-upload-preview .ff-upload-details .ff-el-progress { border-left-color: rgba(4,69,175, 0.8); }.ff_conv_app_11 .f-answer .ff-upload-preview .ff-upload-details .ff-el-progress { background-color: rgba(4,69,175, 0.1); }.ff_conv_app_11 .f-answer .ff-upload-preview .ff-upload-details .ff-el-progress .ff-el-progress-bar { background-color: #0445AF; }.ff_conv_app_11 .f-answer .f-star-wrap .f-star-field-wrap::before { background-color: #0445AF; }.ff_conv_app_11 .f-answer .f-star-wrap .f-star-field-wrap .f-star-field .f-star-field-star .symbolOutline { fill: #0445AF; }.ff_conv_app_11 .f-answer .f-star-wrap .f-star-field-wrap .f-star-field .f-star-field-rating { color: #0445AF; }.ff_conv_app_11 .f-answer .f-star-wrap .f-star-field-wrap.is-hovered .symbolFill { fill: rgba(4,69,175, 0.1); }.ff_conv_app_11 .f-answer .f-star-wrap .f-star-field-wrap.is-selected .symbolFill { fill: #0445AF; }.ff_conv_app_11 .f-answer .f-payment-summary-wrap tbody td { background-color: rgba(4,69,175, 0.1); }.ff_conv_app_11 .f-answer .f-payment-summary-wrap tfoot th { background-color: rgba(4,69,175, 0.1); }.ff_conv_app_11 .f-answer .stripe-inline-holder { border-bottom: 1px solid #0445AF; }.ff_conv_app_11 .f-answer .StripeElement--focus { border-bottom: 2.5px solid #0445AF; }.ff_conv_app_11 .ff_conv_input .f-info { color: #0445AF; }.ff_conv_app_11 .fh2 .f-text { color: #191919; }.ff_conv_app_11 .fh2 .f-tagline, .ff_conv_app_11 .f-sub .f-help { color: rgba(25,25,25, 0.70); }.ff_conv_app_11 .fh2 .stripe-inline-header { color: #191919; }.ff_conv_app_11 .q-inner .o-btn-action, .ff_conv_app_11 .footer-inner-wrap .f-nav { background-color: #0445AF; }.ff_conv_app_11 .q-inner .o-btn-action span, .ff_conv_app_11 .footer-inner-wrap .f-nav a { color: #FFFFFF; } .ff_conv_app_11 .f-enter .f-enter-desc { color: #0445AF; }.ff_conv_app_11 .footer-inner-wrap .f-nav a svg { fill: #FFFFFF; }.ff_conv_app_11 .vff-footer .f-progress-bar { background-color: rgba(4,69,175, 0.3); }.ff_conv_app_11 .vff-footer .f-progress-bar-inner { background-color: #0445AF; }.ff_conv_app_11 .q-inner .o-btn-action:hover { background-color: #0445AFD6; }.ff_conv_app_11 .q-inner .o-btn-action:focus::after { border-radius: 6px; inset: -3px; box-shadow: #0445AF 0px 0px 0px 2px; }.ff_conv_app_11 .f-answer .f-radios-wrap ul li.f-selected .f-key { color: #FFFFFF; } .ff-btn-submit { background-color: #1a7efb; color: #ffffff; }<\/style>\n<div class=\"ffc_conv_wrapper ffc_inline_form\">\n    <div class=\"frm-fluent-form ff_conv_app fluent_form_11 ff_conv_app_frame ff_conv_app_11 ffc_media_hide_mob_no\" data-form_id=\"11\">\n        <div data-var_name=\"fluent_forms_global_var_1\" class=\"ffc_conv_form\" style=\"width: 100%\" id=\"ffc_app_instance_1\"><\/div>\n    <\/div>\n<\/div>\n<\/div>\n\t\t\t\t\t\t<\/div>\n\t\t\t\t<\/div>\n\t\t\t\t\t<\/div>\n\t\t\t\t<\/div>\n\t\t\t\t<\/div>\n\t\t","protected":false},"excerpt":{"rendered":"<p>Somos los dise\u00f1adores de sitios web mejor valorados Su sitio web es una extensi\u00f3n de su negocio, a la que pueden acceder f\u00e1cilmente sus clientes actuales y potenciales. Proporciona informaci\u00f3n sobre sus antecedentes, su experiencia y otras credenciales; algo crucial en el proceso de toma de decisiones. Nuestros paquetes de dise\u00f1o web ofrecen un dise\u00f1o [&hellip;]<\/p>\n","protected":false},"author":1,"featured_media":0,"parent":0,"menu_order":0,"comment_status":"closed","ping_status":"closed","template":"elementor_header_footer","meta":{"footnotes":""},"class_list":["post-1977","page","type-page","status-publish","hentry"],"lang":"es","translations":{"es":1977,"en":1926},"pll_sync_post":[],"_links":{"self":[{"href":"https:\/\/knyweb.com\/index.php?rest_route=\/wp\/v2\/pages\/1977","targetHints":{"allow":["GET"]}}],"collection":[{"href":"https:\/\/knyweb.com\/index.php?rest_route=\/wp\/v2\/pages"}],"about":[{"href":"https:\/\/knyweb.com\/index.php?rest_route=\/wp\/v2\/types\/page"}],"author":[{"embeddable":true,"href":"https:\/\/knyweb.com\/index.php?rest_route=\/wp\/v2\/users\/1"}],"replies":[{"embeddable":true,"href":"https:\/\/knyweb.com\/index.php?rest_route=%2Fwp%2Fv2%2Fcomments&post=1977"}],"version-history":[{"count":4,"href":"https:\/\/knyweb.com\/index.php?rest_route=\/wp\/v2\/pages\/1977\/revisions"}],"predecessor-version":[{"id":1981,"href":"https:\/\/knyweb.com\/index.php?rest_route=\/wp\/v2\/pages\/1977\/revisions\/1981"}],"wp:attachment":[{"href":"https:\/\/knyweb.com\/index.php?rest_route=%2Fwp%2Fv2%2Fmedia&parent=1977"}],"curies":[{"name":"wp","href":"https:\/\/api.w.org\/{rel}","templated":true}]}}